{"id":1703,"date":"2022-05-20T10:31:07","date_gmt":"2022-05-20T08:31:07","guid":{"rendered":"http:\/\/fbsuppliers.dk\/?page_id=1703"},"modified":"2026-04-16T12:14:43","modified_gmt":"2026-04-16T10:14:43","slug":"om-os","status":"publish","type":"page","link":"https:\/\/fbsuppliers.dk\/en\/om-os\/","title":{"rendered":"About us"},"content":{"rendered":"<div data-elementor-type=\"wp-page\" data-elementor-id=\"1703\" class=\"elementor elementor-1703\" data-elementor-post-type=\"page\">\n\t\t\t\t\t\t<section class=\"elementor-section elementor-top-section elementor-element elementor-element-5a9bd85 elementor-section-boxed elementor-section-height-default elementor-section-height-default\" data-id=\"5a9bd85\" data-element_type=\"section\" data-e-type=\"section\" data-settings=\"{&quot;jet_parallax_layout_list&quot;:[]}\">\n\t\t\t\t\t\t<div class=\"elementor-container elementor-column-gap-default\">\n\t\t\t\t\t<div class=\"elementor-column elementor-col-50 elementor-top-column elementor-element elementor-element-35b8e3a\" data-id=\"35b8e3a\" data-element_type=\"column\" data-e-type=\"column\">\n\t\t\t<div class=\"elementor-widget-wrap elementor-element-populated\">\n\t\t\t\t\t\t<div class=\"elementor-element elementor-element-d8b1ae8 elementor-widget elementor-widget-heading\" data-id=\"d8b1ae8\" data-element_type=\"widget\" data-e-type=\"widget\" data-widget_type=\"heading.default\">\n\t\t\t\t<div class=\"elementor-widget-container\">\n\t\t\t\t\t<h2 class=\"elementor-heading-title elementor-size-default\">About us<\/h2>\t\t\t\t<\/div>\n\t\t\t\t<\/div>\n\t\t\t\t<div class=\"elementor-element elementor-element-24b2eaa elementor-widget elementor-widget-heading\" data-id=\"24b2eaa\" data-element_type=\"widget\" data-e-type=\"widget\" data-widget_type=\"heading.default\">\n\t\t\t\t<div class=\"elementor-widget-container\">\n\t\t\t\t\t<h2 class=\"elementor-heading-title elementor-size-default\">FB Suppliers gets the job done<\/h2>\t\t\t\t<\/div>\n\t\t\t\t<\/div>\n\t\t\t\t<div class=\"elementor-element elementor-element-ff6accb elementor-widget elementor-widget-text-editor\" data-id=\"ff6accb\" data-element_type=\"widget\" data-e-type=\"widget\" data-widget_type=\"text-editor.default\">\n\t\t\t\t<div class=\"elementor-widget-container\">\n\t\t\t\t\t\t\t\t\t<p><span style=\"font-family: 'Calibri',sans-serif; mso-fareast-font-family: 'Times New Roman'; mso-fareast-theme-font: major-fareast; color: black;\">FB Suppliers is a business network connecting companies across industries, sizes, and borders \u2013 with a particular focus on B2B relationships and tangible business opportunities.<\/span><\/p><p><span style=\"font-family: 'Calibri',sans-serif; mso-fareast-font-family: 'Times New Roman'; mso-fareast-theme-font: major-fareast; color: black;\">Our aim is to increase our members' visibility, inform them about construction and infrastructure projects and other business opportunities, and to involve companies where their expertise can create real added value. We actively work to promote collaboration between companies and to create networks both among our members and with relevant projects, so that membership creates noticeable added value.<\/span><\/p><p><span style=\"font-family: 'Calibri',sans-serif; mso-fareast-font-family: 'Times New Roman'; mso-fareast-theme-font: major-fareast; color: black;\">FB Suppliers has a diverse composition \u2013 from local sole proprietorships and medium-sized businesses to larger companies and consortia \u2013 and covers virtually all sectors. The common denominator is the desire for long-term relationships, mutual trust, and cooperation that can, over time, develop into sustainable business relationships.<\/span><\/p><p><span style=\"font-family: 'Calibri',sans-serif; mso-fareast-font-family: 'Times New Roman'; mso-fareast-theme-font: major-fareast; color: black;\">We are convinced that business is done with people you know and trust. That's why we place great importance on dialogue, personal meetings, and communication on equal terms. FB Suppliers create the framework, establish connections and open doors \u2013 but the value of the network is largely created through the active participation of its members. The more you engage, the greater the benefit of membership.<\/span><\/p>\t\t\t\t\t\t\t\t<\/div>\n\t\t\t\t<\/div>\n\t\t\t\t\t<\/div>\n\t\t<\/div>\n\t\t\t\t<div class=\"elementor-column elementor-col-50 elementor-top-column elementor-element elementor-element-c597055\" data-id=\"c597055\" data-element_type=\"column\" data-e-type=\"column\">\n\t\t\t<div class=\"elementor-widget-wrap elementor-element-populated\">\n\t\t\t\t\t\t<div class=\"elementor-element elementor-element-c0173d7 elementor-widget elementor-widget-heading\" data-id=\"c0173d7\" data-element_type=\"widget\" data-e-type=\"widget\" data-widget_type=\"heading.default\">\n\t\t\t\t<div class=\"elementor-widget-container\">\n\t\t\t\t\t<h2 class=\"elementor-heading-title elementor-size-default\">The board of FB Suppliers<\/h2>\t\t\t\t<\/div>\n\t\t\t\t<\/div>\n\t\t\t\t<div class=\"elementor-element elementor-element-61d88f8 elementor-widget elementor-widget-text-editor\" data-id=\"61d88f8\" data-element_type=\"widget\" data-e-type=\"widget\" data-widget_type=\"text-editor.default\">\n\t\t\t\t<div class=\"elementor-widget-container\">\n\t\t\t\t\t\t\t\t\t<p><strong>Chairman<\/strong><br \/>Lars Stuckert<br \/>Partner, Advodan<\/p><p><strong> Vice Chairman<br \/><\/strong>Rikke Lohse<br \/>Hotel Manager, Hages Badehotel<\/p><p><strong>Treasurer<\/strong><br \/>Kenneth Norre<br \/>CEO, LE34<\/p><p><strong>Board members<\/strong><br \/>Troels Nyerup<br \/>General Manager, Blue Water Shipping<\/p><p>Kim Olesen<br \/>Managing Director, Davai<\/p><p>Susanne Vemmelund<br \/>Scandinavian Business Development Director, AA Euro Group<\/p><p><strong>Alternate board member<\/strong><br \/>Rene Palm<br \/>Master Painter, Painter's Business Rene Palm ApS<\/p>\t\t\t\t\t\t\t\t<\/div>\n\t\t\t\t<\/div>\n\t\t\t\t\t<\/div>\n\t\t<\/div>\n\t\t\t\t\t<\/div>\n\t\t<\/section>\n\t\t\t\t<section class=\"elementor-section elementor-top-section elementor-element elementor-element-ffc353b elementor-section-boxed elementor-section-height-default elementor-section-height-default\" data-id=\"ffc353b\" data-element_type=\"section\" data-e-type=\"section\" data-settings=\"{&quot;background_background&quot;:&quot;classic&quot;,&quot;jet_parallax_layout_list&quot;:[]}\">\n\t\t\t\t\t\t<div class=\"elementor-container elementor-column-gap-default\">\n\t\t\t\t\t<div class=\"elementor-column elementor-col-50 elementor-top-column elementor-element elementor-element-e657b03\" data-id=\"e657b03\" data-element_type=\"column\" data-e-type=\"column\">\n\t\t\t<div class=\"elementor-widget-wrap elementor-element-populated\">\n\t\t\t\t\t\t<div class=\"elementor-element elementor-element-edc6fba elementor-widget elementor-widget-image\" data-id=\"edc6fba\" data-element_type=\"widget\" data-e-type=\"widget\" data-widget_type=\"image.default\">\n\t\t\t\t<div class=\"elementor-widget-container\">\n\t\t\t\t\t\t\t\t\t\t\t\t\t\t\t<img fetchpriority=\"high\" decoding=\"async\" width=\"1024\" height=\"532\" src=\"https:\/\/fbsuppliers.dk\/wp-content\/uploads\/2022\/05\/fb-suppliers-hero-1024x532-1.jpg\" class=\"attachment-full size-full wp-image-2378\" alt=\"\" srcset=\"https:\/\/fbsuppliers.dk\/wp-content\/uploads\/2022\/05\/fb-suppliers-hero-1024x532-1.jpg 1024w, https:\/\/fbsuppliers.dk\/wp-content\/uploads\/2022\/05\/fb-suppliers-hero-1024x532-1-300x156.jpg 300w, https:\/\/fbsuppliers.dk\/wp-content\/uploads\/2022\/05\/fb-suppliers-hero-1024x532-1-768x399.jpg 768w, https:\/\/fbsuppliers.dk\/wp-content\/uploads\/2022\/05\/fb-suppliers-hero-1024x532-1-18x9.jpg 18w\" sizes=\"(max-width: 1024px) 100vw, 1024px\" \/>\t\t\t\t\t\t\t\t\t\t\t\t\t\t\t<\/div>\n\t\t\t\t<\/div>\n\t\t\t\t\t<\/div>\n\t\t<\/div>\n\t\t\t\t<div class=\"elementor-column elementor-col-50 elementor-top-column elementor-element elementor-element-8a36d62\" data-id=\"8a36d62\" data-element_type=\"column\" data-e-type=\"column\">\n\t\t\t<div class=\"elementor-widget-wrap elementor-element-populated\">\n\t\t\t\t\t\t<div class=\"elementor-element elementor-element-493ea07 elementor-widget elementor-widget-text-editor\" data-id=\"493ea07\" data-element_type=\"widget\" data-e-type=\"widget\" data-widget_type=\"text-editor.default\">\n\t\t\t\t<div class=\"elementor-widget-container\">\n\t\t\t\t\t\t\t\t\t<h3>Do you need manpower or materials?<\/h3>\t\t\t\t\t\t\t\t<\/div>\n\t\t\t\t<\/div>\n\t\t\t\t<div class=\"elementor-element elementor-element-3c4a765 elementor-widget elementor-widget-text-editor\" data-id=\"3c4a765\" data-element_type=\"widget\" data-e-type=\"widget\" data-widget_type=\"text-editor.default\">\n\t\t\t\t<div class=\"elementor-widget-container\">\n\t\t\t\t\t\t\t\t\t<p>FB Suppliers is a network of over 130 member companies that provide services and products in connection with the construction of the Fehmarnbelt link.<\/p>\t\t\t\t\t\t\t\t<\/div>\n\t\t\t\t<\/div>\n\t\t\t\t<div class=\"elementor-element elementor-element-de5ec79 elementor-align-left elementor-mobile-align-center elementor-widget elementor-widget-button\" data-id=\"de5ec79\" data-element_type=\"widget\" data-e-type=\"widget\" data-widget_type=\"button.default\">\n\t\t\t\t<div class=\"elementor-widget-container\">\n\t\t\t\t\t\t\t\t\t<div class=\"elementor-button-wrapper\">\n\t\t\t\t\t<a class=\"elementor-button elementor-button-link elementor-size-xl\" href=\"tel:+4544141212\">\n\t\t\t\t\t\t<span class=\"elementor-button-content-wrapper\">\n\t\t\t\t\t\t<span class=\"elementor-button-icon\">\n\t\t\t\t<i aria-hidden=\"true\" class=\"fas fa-chevron-circle-right\"><\/i>\t\t\t<\/span>\n\t\t\t\t\t\t\t\t\t<span class=\"elementor-button-text\">Call FB Suppliers<\/span>\n\t\t\t\t\t<\/span>\n\t\t\t\t\t<\/a>\n\t\t\t\t<\/div>\n\t\t\t\t\t\t\t\t<\/div>\n\t\t\t\t<\/div>\n\t\t\t\t\t<\/div>\n\t\t<\/div>\n\t\t\t\t\t<\/div>\n\t\t<\/section>\n\t\t\t\t<\/div>","protected":false},"excerpt":{"rendered":"<p>FB Suppliers klarer opgaverne FB Suppliers er et erhvervsnetv\u00e6rk, der forbinder virksomheder p\u00e5 tv\u00e6rs af brancher, st\u00f8rrelser og landegr\u00e6nser \u2013 med s\u00e6rligt fokus p\u00e5 B2B-relationer og konkrete forretningsmuligheder. Vores m\u00e5l [&hellip;]<\/p>\n","protected":false},"author":262,"featured_media":0,"parent":0,"menu_order":0,"comment_status":"closed","ping_status":"closed","template":"","meta":{"_jf_save_progress":"","footnotes":""},"class_list":["post-1703","page","type-page","status-publish","hentry"],"yoast_head":"<!-- This site is optimized with the Yoast SEO plugin v27.4 - https:\/\/yoast.com\/product\/yoast-seo-wordpress\/ -->\n<title>Om Os - fbsuppliers.dk<\/title>\n<meta name=\"robots\" content=\"index, follow, max-snippet:-1, max-image-preview:large, max-video-preview:-1\" \/>\n<link rel=\"canonical\" href=\"https:\/\/fbsuppliers.dk\/en\/om-os\/\" \/>\n<meta property=\"og:locale\" content=\"en_GB\" \/>\n<meta property=\"og:type\" content=\"article\" \/>\n<meta property=\"og:title\" content=\"Om Os - fbsuppliers.dk\" \/>\n<meta property=\"og:description\" content=\"FB Suppliers klarer opgaverne FB Suppliers er et erhvervsnetv\u00e6rk, der forbinder virksomheder p\u00e5 tv\u00e6rs af brancher, st\u00f8rrelser og landegr\u00e6nser \u2013 med s\u00e6rligt fokus p\u00e5 B2B-relationer og konkrete forretningsmuligheder. Vores m\u00e5l [&hellip;]\" \/>\n<meta property=\"og:url\" content=\"https:\/\/fbsuppliers.dk\/en\/om-os\/\" \/>\n<meta property=\"og:site_name\" content=\"fbsuppliers.dk\" \/>\n<meta property=\"article:publisher\" content=\"https:\/\/www.facebook.com\/groups\/146986042726641\" \/>\n<meta property=\"article:modified_time\" content=\"2026-04-16T10:14:43+00:00\" \/>\n<meta property=\"og:image\" content=\"https:\/\/fbsuppliers.dk\/wp-content\/uploads\/2022\/05\/fb-suppliers-hero-1024x532-1.jpg\" \/>\n\t<meta property=\"og:image:width\" content=\"1024\" \/>\n\t<meta property=\"og:image:height\" content=\"532\" \/>\n\t<meta property=\"og:image:type\" content=\"image\/jpeg\" \/>\n<meta name=\"twitter:card\" content=\"summary_large_image\" \/>\n<meta name=\"twitter:label1\" content=\"Estimated reading time\" \/>\n\t<meta name=\"twitter:data1\" content=\"2 minutes\" \/>\n<script type=\"application\/ld+json\" class=\"yoast-schema-graph\">{\"@context\":\"https:\\\/\\\/schema.org\",\"@graph\":[{\"@type\":\"WebPage\",\"@id\":\"https:\\\/\\\/fbsuppliers.dk\\\/om-os\\\/\",\"url\":\"https:\\\/\\\/fbsuppliers.dk\\\/om-os\\\/\",\"name\":\"Om Os - fbsuppliers.dk\",\"isPartOf\":{\"@id\":\"https:\\\/\\\/fbsuppliers.dk\\\/#website\"},\"primaryImageOfPage\":{\"@id\":\"https:\\\/\\\/fbsuppliers.dk\\\/om-os\\\/#primaryimage\"},\"image\":{\"@id\":\"https:\\\/\\\/fbsuppliers.dk\\\/om-os\\\/#primaryimage\"},\"thumbnailUrl\":\"https:\\\/\\\/fbsuppliers.dk\\\/wp-content\\\/uploads\\\/2022\\\/05\\\/fb-suppliers-hero-1024x532-1.jpg\",\"datePublished\":\"2022-05-20T08:31:07+00:00\",\"dateModified\":\"2026-04-16T10:14:43+00:00\",\"breadcrumb\":{\"@id\":\"https:\\\/\\\/fbsuppliers.dk\\\/om-os\\\/#breadcrumb\"},\"inLanguage\":\"en-GB\",\"potentialAction\":[{\"@type\":\"ReadAction\",\"target\":[\"https:\\\/\\\/fbsuppliers.dk\\\/om-os\\\/\"]}]},{\"@type\":\"ImageObject\",\"inLanguage\":\"en-GB\",\"@id\":\"https:\\\/\\\/fbsuppliers.dk\\\/om-os\\\/#primaryimage\",\"url\":\"https:\\\/\\\/fbsuppliers.dk\\\/wp-content\\\/uploads\\\/2022\\\/05\\\/fb-suppliers-hero-1024x532-1.jpg\",\"contentUrl\":\"https:\\\/\\\/fbsuppliers.dk\\\/wp-content\\\/uploads\\\/2022\\\/05\\\/fb-suppliers-hero-1024x532-1.jpg\"},{\"@type\":\"BreadcrumbList\",\"@id\":\"https:\\\/\\\/fbsuppliers.dk\\\/om-os\\\/#breadcrumb\",\"itemListElement\":[{\"@type\":\"ListItem\",\"position\":1,\"name\":\"Hjem\",\"item\":\"https:\\\/\\\/fbsuppliers.dk\\\/\"},{\"@type\":\"ListItem\",\"position\":2,\"name\":\"Om Os\"}]},{\"@type\":\"WebSite\",\"@id\":\"https:\\\/\\\/fbsuppliers.dk\\\/#website\",\"url\":\"https:\\\/\\\/fbsuppliers.dk\\\/\",\"name\":\"fbsuppliers.dk\",\"description\":\"FB Suppliers\",\"publisher\":{\"@id\":\"https:\\\/\\\/fbsuppliers.dk\\\/#organization\"},\"potentialAction\":[{\"@type\":\"SearchAction\",\"target\":{\"@type\":\"EntryPoint\",\"urlTemplate\":\"https:\\\/\\\/fbsuppliers.dk\\\/?s={search_term_string}\"},\"query-input\":{\"@type\":\"PropertyValueSpecification\",\"valueRequired\":true,\"valueName\":\"search_term_string\"}}],\"inLanguage\":\"en-GB\"},{\"@type\":\"Organization\",\"@id\":\"https:\\\/\\\/fbsuppliers.dk\\\/#organization\",\"name\":\"FB Suppliers\",\"url\":\"https:\\\/\\\/fbsuppliers.dk\\\/\",\"logo\":{\"@type\":\"ImageObject\",\"inLanguage\":\"en-GB\",\"@id\":\"https:\\\/\\\/fbsuppliers.dk\\\/#\\\/schema\\\/logo\\\/image\\\/\",\"url\":\"https:\\\/\\\/fbsuppliers.dk\\\/wp-content\\\/uploads\\\/2020\\\/08\\\/FB-Suppliers-logo.png\",\"contentUrl\":\"https:\\\/\\\/fbsuppliers.dk\\\/wp-content\\\/uploads\\\/2020\\\/08\\\/FB-Suppliers-logo.png\",\"width\":350,\"height\":106,\"caption\":\"FB Suppliers\"},\"image\":{\"@id\":\"https:\\\/\\\/fbsuppliers.dk\\\/#\\\/schema\\\/logo\\\/image\\\/\"},\"sameAs\":[\"https:\\\/\\\/www.facebook.com\\\/groups\\\/146986042726641\"]}]}<\/script>\n<!-- \/ Yoast SEO plugin. -->","yoast_head_json":{"title":"About Us - fbsuppliers.dk","robots":{"index":"index","follow":"follow","max-snippet":"max-snippet:-1","max-image-preview":"max-image-preview:large","max-video-preview":"max-video-preview:-1"},"canonical":"https:\/\/fbsuppliers.dk\/en\/om-os\/","og_locale":"en_GB","og_type":"article","og_title":"Om Os - fbsuppliers.dk","og_description":"FB Suppliers klarer opgaverne FB Suppliers er et erhvervsnetv\u00e6rk, der forbinder virksomheder p\u00e5 tv\u00e6rs af brancher, st\u00f8rrelser og landegr\u00e6nser \u2013 med s\u00e6rligt fokus p\u00e5 B2B-relationer og konkrete forretningsmuligheder. Vores m\u00e5l [&hellip;]","og_url":"https:\/\/fbsuppliers.dk\/en\/om-os\/","og_site_name":"fbsuppliers.dk","article_publisher":"https:\/\/www.facebook.com\/groups\/146986042726641","article_modified_time":"2026-04-16T10:14:43+00:00","og_image":[{"width":1024,"height":532,"url":"https:\/\/fbsuppliers.dk\/wp-content\/uploads\/2022\/05\/fb-suppliers-hero-1024x532-1.jpg","type":"image\/jpeg"}],"twitter_card":"summary_large_image","twitter_misc":{"Estimated reading time":"2 minutes"},"schema":{"@context":"https:\/\/schema.org","@graph":[{"@type":"WebPage","@id":"https:\/\/fbsuppliers.dk\/om-os\/","url":"https:\/\/fbsuppliers.dk\/om-os\/","name":"About Us - fbsuppliers.dk","isPartOf":{"@id":"https:\/\/fbsuppliers.dk\/#website"},"primaryImageOfPage":{"@id":"https:\/\/fbsuppliers.dk\/om-os\/#primaryimage"},"image":{"@id":"https:\/\/fbsuppliers.dk\/om-os\/#primaryimage"},"thumbnailUrl":"https:\/\/fbsuppliers.dk\/wp-content\/uploads\/2022\/05\/fb-suppliers-hero-1024x532-1.jpg","datePublished":"2022-05-20T08:31:07+00:00","dateModified":"2026-04-16T10:14:43+00:00","breadcrumb":{"@id":"https:\/\/fbsuppliers.dk\/om-os\/#breadcrumb"},"inLanguage":"en-GB","potentialAction":[{"@type":"ReadAction","target":["https:\/\/fbsuppliers.dk\/om-os\/"]}]},{"@type":"ImageObject","inLanguage":"en-GB","@id":"https:\/\/fbsuppliers.dk\/om-os\/#primaryimage","url":"https:\/\/fbsuppliers.dk\/wp-content\/uploads\/2022\/05\/fb-suppliers-hero-1024x532-1.jpg","contentUrl":"https:\/\/fbsuppliers.dk\/wp-content\/uploads\/2022\/05\/fb-suppliers-hero-1024x532-1.jpg"},{"@type":"BreadcrumbList","@id":"https:\/\/fbsuppliers.dk\/om-os\/#breadcrumb","itemListElement":[{"@type":"ListItem","position":1,"name":"Hjem","item":"https:\/\/fbsuppliers.dk\/"},{"@type":"ListItem","position":2,"name":"Om Os"}]},{"@type":"WebSite","@id":"https:\/\/fbsuppliers.dk\/#website","url":"https:\/\/fbsuppliers.dk\/","name":"fbsuppliers.dk","description":"FB Suppliers","publisher":{"@id":"https:\/\/fbsuppliers.dk\/#organization"},"potentialAction":[{"@type":"SearchAction","target":{"@type":"EntryPoint","urlTemplate":"https:\/\/fbsuppliers.dk\/?s={search_term_string}"},"query-input":{"@type":"PropertyValueSpecification","valueRequired":true,"valueName":"search_term_string"}}],"inLanguage":"en-GB"},{"@type":"Organization","@id":"https:\/\/fbsuppliers.dk\/#organization","name":"FB Suppliers","url":"https:\/\/fbsuppliers.dk\/","logo":{"@type":"ImageObject","inLanguage":"en-GB","@id":"https:\/\/fbsuppliers.dk\/#\/schema\/logo\/image\/","url":"https:\/\/fbsuppliers.dk\/wp-content\/uploads\/2020\/08\/FB-Suppliers-logo.png","contentUrl":"https:\/\/fbsuppliers.dk\/wp-content\/uploads\/2020\/08\/FB-Suppliers-logo.png","width":350,"height":106,"caption":"FB Suppliers"},"image":{"@id":"https:\/\/fbsuppliers.dk\/#\/schema\/logo\/image\/"},"sameAs":["https:\/\/www.facebook.com\/groups\/146986042726641"]}]}},"_links":{"self":[{"href":"https:\/\/fbsuppliers.dk\/en\/wp-json\/wp\/v2\/pages\/1703","targetHints":{"allow":["GET"]}}],"collection":[{"href":"https:\/\/fbsuppliers.dk\/en\/wp-json\/wp\/v2\/pages"}],"about":[{"href":"https:\/\/fbsuppliers.dk\/en\/wp-json\/wp\/v2\/types\/page"}],"author":[{"embeddable":true,"href":"https:\/\/fbsuppliers.dk\/en\/wp-json\/wp\/v2\/users\/262"}],"replies":[{"embeddable":true,"href":"https:\/\/fbsuppliers.dk\/en\/wp-json\/wp\/v2\/comments?post=1703"}],"version-history":[{"count":112,"href":"https:\/\/fbsuppliers.dk\/en\/wp-json\/wp\/v2\/pages\/1703\/revisions"}],"predecessor-version":[{"id":5825,"href":"https:\/\/fbsuppliers.dk\/en\/wp-json\/wp\/v2\/pages\/1703\/revisions\/5825"}],"wp:attachment":[{"href":"https:\/\/fbsuppliers.dk\/en\/wp-json\/wp\/v2\/media?parent=1703"}],"curies":[{"name":"wp","href":"https:\/\/api.w.org\/{rel}","templated":true}]}}